{"id":243243,"date":"2023-10-20T12:09:00","date_gmt":"2023-10-20T10:09:00","guid":{"rendered":"https:\/\/lligams.cat\/servicios\/"},"modified":"2023-11-06T13:06:15","modified_gmt":"2023-11-06T12:06:15","slug":"servicios","status":"publish","type":"page","link":"https:\/\/lligams.cat\/es\/servicios\/","title":{"rendered":"Servicios"},"content":{"rendered":"<p>[et_pb_section fb_built=\u00bb1&#8243; _builder_version=\u00bb4.22.2&#8243; _module_preset=\u00bbdefault\u00bb background_color=\u00bb#FFECC7&#8243; global_colors_info=\u00bb{}\u00bb][et_pb_row _builder_version=\u00bb4.23&#8243; _module_preset=\u00bbdefault\u00bb custom_margin=\u00bb2em|auto|70px|auto|false|false\u00bb custom_margin_tablet=\u00bb||0px||false|false\u00bb custom_margin_phone=\u00bb||0px||false|false\u00bb custom_margin_last_edited=\u00bbon|tablet\u00bb global_colors_info=\u00bb{}\u00bb][et_pb_column type=\u00bb4_4&#8243; _builder_version=\u00bb4.22.2&#8243; _module_preset=\u00bbdefault\u00bb global_colors_info=\u00bb{}\u00bb][et_pb_text _builder_version=\u00bb4.22.2&#8243; _module_preset=\u00bbdefault\u00bb header_font=\u00bb|800|||||||\u00bb header_text_align=\u00bbcenter\u00bb header_text_color=\u00bb#417E77&#8243; header_font_size=\u00bb40px\u00bb header_2_font=\u00bb|800|||||||\u00bb header_2_text_color=\u00bb#417E77&#8243; header_2_font_size=\u00bb36px\u00bb custom_margin=\u00bb||10px||false|false\u00bb animation_style=\u00bbslide\u00bb animation_direction=\u00bbbottom\u00bb animation_duration=\u00bb900ms\u00bb animation_intensity_slide=\u00bb10%\u00bb global_colors_info=\u00bb{}\u00bb]<\/p>\n<h1>Servicios<\/h1>\n<p>[\/et_pb_text][et_pb_image src=\u00bbhttp:\/\/lligams.cat\/wp-content\/uploads\/2023\/10\/senefa.svg\u00bb title_text=\u00bbsenefa\u00bb align=\u00bbcenter\u00bb _builder_version=\u00bb4.23&#8243; _module_preset=\u00bbdefault\u00bb width=\u00bb20%\u00bb width_tablet=\u00bb50%\u00bb width_phone=\u00bb50%\u00bb width_last_edited=\u00bbon|tablet\u00bb global_colors_info=\u00bb{}\u00bb][\/et_pb_image][\/et_pb_column][\/et_pb_row][et_pb_row column_structure=\u00bb1_2,1_2&#8243; make_equal=\u00bbon\u00bb _builder_version=\u00bb4.22.2&#8243; _module_preset=\u00bbdefault\u00bb custom_margin=\u00bb|auto|5em|auto|false|false\u00bb custom_css_main_element=\u00bbalign-items:center\u00bb global_colors_info=\u00bb{}\u00bb][et_pb_column type=\u00bb1_2&#8243; _builder_version=\u00bb4.22.2&#8243; _module_preset=\u00bbdefault\u00bb animation_style=\u00bbslide\u00bb animation_direction=\u00bbbottom\u00bb animation_duration=\u00bb900ms\u00bb animation_intensity_slide=\u00bb10%\u00bb global_colors_info=\u00bb{}\u00bb][et_pb_image src=\u00bbhttp:\/\/lligams.cat\/wp-content\/uploads\/2023\/10\/atencio-precoc.png\u00bb title_text=\u00bbatencio-precoc\u00bb _builder_version=\u00bb4.22.2&#8243; _module_preset=\u00bbdefault\u00bb border_radii=\u00bbon|10px|10px|10px|10px\u00bb global_colors_info=\u00bb{}\u00bb][\/et_pb_image][\/et_pb_column][et_pb_column type=\u00bb1_2&#8243; _builder_version=\u00bb4.22.2&#8243; _module_preset=\u00bbdefault\u00bb animation_style=\u00bbslide\u00bb animation_direction=\u00bbbottom\u00bb animation_duration=\u00bb900ms\u00bb animation_intensity_slide=\u00bb10%\u00bb global_colors_info=\u00bb{}\u00bb][et_pb_text _builder_version=\u00bb4.22.2&#8243; _module_preset=\u00bbdefault\u00bb text_font=\u00bb|800|||||||\u00bb text_text_color=\u00bb#CC6633&#8243; text_font_size=\u00bb24px\u00bb text_line_height=\u00bb1.3em\u00bb header_3_font=\u00bb|800|||||||\u00bb header_3_text_color=\u00bb#CC6633&#8243; header_3_font_size=\u00bb29px\u00bb custom_margin=\u00bb||27px|||\u00bb global_colors_info=\u00bb{}\u00bb]<\/p>\n<h3>Atenci\u00f3n temprana<\/h3>\n<p>[\/et_pb_text][et_pb_text _builder_version=\u00bb4.22.2&#8243; _module_preset=\u00bbdefault\u00bb text_font=\u00bb||||||||\u00bb text_text_color=\u00bb#417E77&#8243; text_font_size=\u00bb18px\u00bb text_line_height=\u00bb1.3em\u00bb global_colors_info=\u00bb{}\u00bb]<\/p>\n<p>A Lligams atendemos a la peque\u00f1a infancia desde la <strong>atenci\u00f3n temprana<\/strong>: intervenimos en las <strong>dificultades<\/strong> presentes, que interfieren en el desarrollo del ni\u00f1o. Sobre todo es un trabajo de <strong>prevenci\u00f3n<\/strong>.<\/p>\n<p>Adem\u00e1s, tratamos los <strong>trastornos del neurodesarrollo<\/strong>, siguiendo modelos de intervenci\u00f3n\u0301 basados en evidencia cient\u00edfica.<\/p>\n<p>Dentro del Trastorno del Espectro del Autismo, nos gusta aplicar el modelo ESDM Denver, naturalista, donde se implica mucho a la familia y se crean objetivos de intervenci\u00f3n basados en situaciones del d\u00eda a d\u00eda, el que facilita la generalizaci\u00f3n\u0301 de los aprendizajes en otros contextos<\/p>\n<p>[\/et_pb_text][\/et_pb_column][\/et_pb_row][et_pb_row column_structure=\u00bb1_2,1_2&#8243; make_equal=\u00bbon\u00bb module_class=\u00bbrow-reverse-res\u00bb _builder_version=\u00bb4.23&#8243; _module_preset=\u00bbdefault\u00bb custom_margin=\u00bb|auto|5em|auto|false|false\u00bb custom_css_main_element=\u00bbalign-items:center\u00bb global_colors_info=\u00bb{}\u00bb][et_pb_column type=\u00bb1_2&#8243; _builder_version=\u00bb4.22.2&#8243; _module_preset=\u00bbdefault\u00bb animation_style=\u00bbslide\u00bb animation_direction=\u00bbbottom\u00bb animation_duration=\u00bb900ms\u00bb animation_intensity_slide=\u00bb10%\u00bb global_colors_info=\u00bb{}\u00bb][et_pb_text _builder_version=\u00bb4.22.2&#8243; _module_preset=\u00bbdefault\u00bb text_font=\u00bb|800|||||||\u00bb text_text_color=\u00bb#CC6633&#8243; text_font_size=\u00bb24px\u00bb text_line_height=\u00bb1.3em\u00bb header_3_font=\u00bb|800|||||||\u00bb header_3_text_color=\u00bb#CC6633&#8243; header_3_font_size=\u00bb29px\u00bb custom_margin=\u00bb||27px|||\u00bb global_colors_info=\u00bb{}\u00bb]<\/p>\n<h3>Psicologia Infanto-juvenil<\/h3>\n<p>[\/et_pb_text][et_pb_text _builder_version=\u00bb4.22.2&#8243; _module_preset=\u00bbdefault\u00bb text_font=\u00bb||||||||\u00bb text_text_color=\u00bb#417E77&#8243; text_font_size=\u00bb18px\u00bb text_line_height=\u00bb1.3em\u00bb global_colors_info=\u00bb{}\u00bb]<\/p>\n<p>En la etapa de la infancia y adolescencia, acompa\u00f1amos en trastornos y dificultades que puedan presentar: <strong>emocionales<\/strong> (ansiedad, depresi\u00f3n, fobias, tics, TOQUE, luto, baja autoestima &#8230;), <strong>conductuales<\/strong>, <strong>trastornos del neurodesarrollo <\/strong> (TEA, TDAH, TEL), <strong>dificultades de relaci\u00f3n, altas capacidades, alta sensibilidad <\/strong>, uso de pantallas y redes sociales, <strong>situaciones vitales cr\u00edticas <\/strong>&#8230; Tambi\u00e9n realizamos <strong>grupos de habilidades socioemocionales<\/strong> en varias franjas de edad.<\/p>\n<p>Muchas veces las <strong>familias<\/strong> se ven desbordadas ante ciertas situaciones que viven con sus hijos, independientemente de la edad. Desde V\u00ednculos os acompa\u00f1amos, orientamos y aconsejamos en aspectos relacionados con la <strong>educaci\u00f3n y crianza<\/strong>, establecimiento de l\u00edmites y gesti\u00f3n emocional.<\/p>\n<p>[\/et_pb_text][\/et_pb_column][et_pb_column type=\u00bb1_2&#8243; _builder_version=\u00bb4.22.2&#8243; _module_preset=\u00bbdefault\u00bb animation_style=\u00bbslide\u00bb animation_direction=\u00bbbottom\u00bb animation_duration=\u00bb900ms\u00bb animation_intensity_slide=\u00bb10%\u00bb global_colors_info=\u00bb{}\u00bb][et_pb_image src=\u00bbhttp:\/\/lligams.cat\/wp-content\/uploads\/2023\/10\/psicologia-infanto-juvenil.png\u00bb title_text=\u00bbpsicologia-infanto-juvenil\u00bb _builder_version=\u00bb4.23&#8243; _module_preset=\u00bbdefault\u00bb custom_margin_tablet=\u00bb||2em||false|false\u00bb custom_margin_phone=\u00bb||2em||false|false\u00bb custom_margin_last_edited=\u00bbon|tablet\u00bb border_radii=\u00bbon|10px|10px|10px|10px\u00bb global_colors_info=\u00bb{}\u00bb][\/et_pb_image][\/et_pb_column][\/et_pb_row][et_pb_row column_structure=\u00bb1_2,1_2&#8243; make_equal=\u00bbon\u00bb _builder_version=\u00bb4.22.2&#8243; _module_preset=\u00bbdefault\u00bb custom_margin=\u00bb|auto|5em|auto|false|false\u00bb custom_css_main_element=\u00bbalign-items:center\u00bb global_colors_info=\u00bb{}\u00bb][et_pb_column type=\u00bb1_2&#8243; _builder_version=\u00bb4.22.2&#8243; _module_preset=\u00bbdefault\u00bb animation_style=\u00bbslide\u00bb animation_direction=\u00bbbottom\u00bb animation_duration=\u00bb900ms\u00bb animation_intensity_slide=\u00bb10%\u00bb global_colors_info=\u00bb{}\u00bb][et_pb_image src=\u00bbhttp:\/\/lligams.cat\/wp-content\/uploads\/2023\/10\/psicologia-perinatal.png\u00bb title_text=\u00bbpsicologia-perinatal\u00bb _builder_version=\u00bb4.22.2&#8243; _module_preset=\u00bbdefault\u00bb border_radii=\u00bbon|10px|10px|10px|10px\u00bb global_colors_info=\u00bb{}\u00bb][\/et_pb_image][\/et_pb_column][et_pb_column type=\u00bb1_2&#8243; _builder_version=\u00bb4.22.2&#8243; _module_preset=\u00bbdefault\u00bb animation_style=\u00bbslide\u00bb animation_direction=\u00bbbottom\u00bb animation_duration=\u00bb900ms\u00bb animation_intensity_slide=\u00bb10%\u00bb global_colors_info=\u00bb{}\u00bb][et_pb_text _builder_version=\u00bb4.22.2&#8243; _module_preset=\u00bbdefault\u00bb text_font=\u00bb|800|||||||\u00bb text_text_color=\u00bb#CC6633&#8243; text_font_size=\u00bb24px\u00bb text_line_height=\u00bb1.3em\u00bb header_3_font=\u00bb|800|||||||\u00bb header_3_text_color=\u00bb#CC6633&#8243; header_3_font_size=\u00bb29px\u00bb custom_margin=\u00bb||27px|||\u00bb global_colors_info=\u00bb{}\u00bb]<\/p>\n<h3>Psicolog\u00eda Perinatal<\/h3>\n<p>[\/et_pb_text][et_pb_text _builder_version=\u00bb4.22.2&#8243; _module_preset=\u00bbdefault\u00bb text_font=\u00bb||||||||\u00bb text_text_color=\u00bb#417E77&#8243; text_font_size=\u00bb18px\u00bb text_line_height=\u00bb1.3em\u00bb global_colors_info=\u00bb{}\u00bb]<\/p>\n<p>La mujer tambi\u00e9n es una de las protagonistas a Lligams. Desde el servicio de Psicolog\u00eda Perinatal os acompa\u00f1amos en una gran variedad de momentos vitales importantes: procesos de <strong>reproducci\u00f3n, infertilidad, p\u00e9rdida gestacional y luto, embarazo, parte, posparto, incorporaci\u00f3n\u0301 al trabajo remunerado, bimaternidad<\/strong>&#8230;<\/p>\n<p>Escuchamos, sostenemos y guiamos a las mujeres, andando a su lado y ofreciendo un espacio seguro. En estas visitas los <strong>beb\u00e9s<\/strong> son siempre <strong>bienvenidos<\/strong>!<\/p>\n<p>[\/et_pb_text][\/et_pb_column][\/et_pb_row][et_pb_row column_structure=\u00bb1_2,1_2&#8243; make_equal=\u00bbon\u00bb module_class=\u00bbrow-reverse-res\u00bb _builder_version=\u00bb4.23&#8243; _module_preset=\u00bbdefault\u00bb custom_margin=\u00bb|auto|5em|auto|false|false\u00bb custom_css_main_element=\u00bbalign-items:center\u00bb global_colors_info=\u00bb{}\u00bb][et_pb_column type=\u00bb1_2&#8243; _builder_version=\u00bb4.22.2&#8243; _module_preset=\u00bbdefault\u00bb animation_style=\u00bbslide\u00bb animation_direction=\u00bbbottom\u00bb animation_duration=\u00bb900ms\u00bb animation_intensity_slide=\u00bb10%\u00bb global_colors_info=\u00bb{}\u00bb][et_pb_text _builder_version=\u00bb4.22.2&#8243; _module_preset=\u00bbdefault\u00bb text_font=\u00bb|800|||||||\u00bb text_text_color=\u00bb#CC6633&#8243; text_font_size=\u00bb24px\u00bb text_line_height=\u00bb1.3em\u00bb header_3_font=\u00bb|800|||||||\u00bb header_3_text_color=\u00bb#CC6633&#8243; header_3_font_size=\u00bb29px\u00bb custom_margin=\u00bb||27px|||\u00bb global_colors_info=\u00bb{}\u00bb]<\/p>\n<h3>Logopedia infanto-juvenil y adultos<\/h3>\n<p>[\/et_pb_text][et_pb_text _builder_version=\u00bb4.22.2&#8243; _module_preset=\u00bbdefault\u00bb text_font=\u00bb||||||||\u00bb text_text_color=\u00bb#417E77&#8243; text_font_size=\u00bb18px\u00bb text_line_height=\u00bb1.3em\u00bb global_colors_info=\u00bb{}\u00bb]<\/p>\n<p>Desde el servicio de Logopedia, tratamos los <strong>trastornos de la comunicaci\u00f3n\u0301<\/strong>: ya sean del lenguaje (expresivo, receptivo), <strong>fonol\u00f3gicos y de la voz<\/strong> (disfon\u00edas, p\u00f3lipos, n\u00f3dulos en cuerdas vocales) y <strong>disfunciones orofaciales<\/strong> (degluci\u00f3n at\u00edpica, respiraci\u00f3n oral).<\/p>\n<p>En relaci\u00f3n\u0301 con los aprendizajes, acompa\u00f1amos en los <strong>trastornos espec\u00edficos del aprendizaje<\/strong> en lectoescritura, dificultades de c\u00e1lculo o matem\u00e1ticas. Ofrecemos reeducaciones psicopedag\u00f3gicas y estrategias de estudio, desde primaria hasta cursos superiores.<\/p>\n<p>[\/et_pb_text][\/et_pb_column][et_pb_column type=\u00bb1_2&#8243; _builder_version=\u00bb4.22.2&#8243; _module_preset=\u00bbdefault\u00bb animation_style=\u00bbslide\u00bb animation_direction=\u00bbbottom\u00bb animation_duration=\u00bb900ms\u00bb animation_intensity_slide=\u00bb10%\u00bb global_colors_info=\u00bb{}\u00bb][et_pb_image src=\u00bbhttp:\/\/lligams.cat\/wp-content\/uploads\/2023\/10\/logopedia-infanto-juvenil.png\u00bb title_text=\u00bblogopedia-infanto-juvenil\u00bb _builder_version=\u00bb4.23&#8243; _module_preset=\u00bbdefault\u00bb custom_margin_tablet=\u00bb||2em||false|false\u00bb custom_margin_phone=\u00bb||2em||false|false\u00bb custom_margin_last_edited=\u00bbon|tablet\u00bb border_radii=\u00bbon|10px|10px|10px|10px\u00bb global_colors_info=\u00bb{}\u00bb][\/et_pb_image][\/et_pb_column][\/et_pb_row][et_pb_row column_structure=\u00bb1_2,1_2&#8243; make_equal=\u00bbon\u00bb _builder_version=\u00bb4.22.2&#8243; _module_preset=\u00bbdefault\u00bb custom_margin=\u00bb|auto|7em|auto|false|false\u00bb custom_css_main_element=\u00bbalign-items:center\u00bb global_colors_info=\u00bb{}\u00bb][et_pb_column type=\u00bb1_2&#8243; _builder_version=\u00bb4.22.2&#8243; _module_preset=\u00bbdefault\u00bb animation_style=\u00bbslide\u00bb animation_direction=\u00bbbottom\u00bb animation_duration=\u00bb900ms\u00bb animation_intensity_slide=\u00bb10%\u00bb global_colors_info=\u00bb{}\u00bb][et_pb_image src=\u00bbhttp:\/\/lligams.cat\/wp-content\/uploads\/2023\/10\/avaluacio-diagnostic.png\u00bb title_text=\u00bbavaluacio-diagnostic\u00bb _builder_version=\u00bb4.22.2&#8243; _module_preset=\u00bbdefault\u00bb width=\u00bb95%\u00bb module_alignment=\u00bbcenter\u00bb border_radii=\u00bbon|10px|10px|10px|10px\u00bb global_colors_info=\u00bb{}\u00bb][\/et_pb_image][\/et_pb_column][et_pb_column type=\u00bb1_2&#8243; _builder_version=\u00bb4.22.2&#8243; _module_preset=\u00bbdefault\u00bb animation_style=\u00bbslide\u00bb animation_direction=\u00bbbottom\u00bb animation_duration=\u00bb900ms\u00bb animation_intensity_slide=\u00bb10%\u00bb global_colors_info=\u00bb{}\u00bb][et_pb_text _builder_version=\u00bb4.22.2&#8243; _module_preset=\u00bbdefault\u00bb text_font=\u00bb|800|||||||\u00bb text_text_color=\u00bb#CC6633&#8243; text_font_size=\u00bb24px\u00bb text_line_height=\u00bb1.3em\u00bb header_3_font=\u00bb|800|||||||\u00bb header_3_text_color=\u00bb#CC6633&#8243; header_3_font_size=\u00bb29px\u00bb custom_margin=\u00bb||27px|||\u00bb global_colors_info=\u00bb{}\u00bb]<\/p>\n<h3>Evaluaciones y diagn\u00f3stico<\/h3>\n<p>[\/et_pb_text][et_pb_text _builder_version=\u00bb4.22.2&#8243; _module_preset=\u00bbdefault\u00bb text_font=\u00bb||||||||\u00bb text_text_color=\u00bb#417E77&#8243; text_font_size=\u00bb18px\u00bb text_line_height=\u00bb1.3em\u00bb global_colors_info=\u00bb{}\u00bb]<\/p>\n<p>Nuestro equipo, con a\u00f1os de experiencia, realiza <strong>evaluaciones y diagn\u00f3stico<\/strong>, tanto en el \u00e1rea de psicolog\u00eda como de logopedia. Se realizan y consens\u00faan de forma interdisciplinar, de este modo tenemos una visi\u00f3n\u0301 m\u00e1s completa y acertada del caso.<\/p>\n<p>Adem\u00e1s, estamos certificados y formatos en la administraci\u00f3n\u0301 de la ADI-R y lo ADOS-2, pruebas estrella en el diagn\u00f3stico de TEA.<\/p>\n<p>[\/et_pb_text][\/et_pb_column][\/et_pb_row][\/et_pb_section]<\/p>\n","protected":false},"excerpt":{"rendered":"<p>ServiciosAtenci\u00f3n tempranaA Lligams atendemos a la peque\u00f1a infancia desde la atenci\u00f3n temprana: intervenimos en las dificultades presentes, que interfieren en el desarrollo del ni\u00f1o. Sobre todo es un trabajo de prevenci\u00f3n. Adem\u00e1s, tratamos los trastornos del neurodesarrollo, siguiendo modelos de intervenci\u00f3n\u0301 basados en evidencia cient\u00edfica. Dentro del Trastorno del Espectro del Autismo, nos gusta aplicar el modelo ESDM Denver, naturalista, donde se implica mucho a la familia y se crean objetivos de intervenci\u00f3n basados en situaciones del d\u00eda a d\u00eda, el que facilita la generalizaci\u00f3n\u0301 de los aprendizajes en otros contextosPsicologia Infanto-juvenilEn la etapa de la infancia y adolescencia, acompa\u00f1amos en trastornos y dificultades que puedan presentar: emocionales (ansiedad, depresi\u00f3n, fobias, tics, TOQUE, luto, baja autoestima &#8230;), conductuales, trastornos del neurodesarrollo (TEA, TDAH, TEL), dificultades de relaci\u00f3n, altas capacidades, alta sensibilidad , uso de pantallas y redes sociales, situaciones vitales cr\u00edticas &#8230; Tambi\u00e9n realizamos grupos de habilidades socioemocionales en varias franjas de edad. Muchas veces las familias se ven desbordadas ante ciertas situaciones que viven con sus hijos, independientemente de la edad. Desde V\u00ednculos os acompa\u00f1amos, orientamos y aconsejamos en aspectos relacionados con la educaci\u00f3n y crianza, establecimiento de l\u00edmites y gesti\u00f3n emocional.Psicolog\u00eda PerinatalLa mujer tambi\u00e9n es una de las [&hellip;]<\/p>\n","protected":false},"author":2,"featured_media":0,"parent":0,"menu_order":0,"comment_status":"closed","ping_status":"closed","template":"","meta":{"_et_pb_use_builder":"on","_et_pb_old_content":"","_et_gb_content_width":"","footnotes":""},"class_list":["post-243243","page","type-page","status-publish","hentry"],"yoast_head":"<!-- This site is optimized with the Yoast SEO plugin v26.8 - https:\/\/yoast.com\/product\/yoast-seo-wordpress\/ -->\n<title>Servicios - Lligams Sabadell<\/title>\n<meta name=\"description\" content=\"A V\u00ednculos te ofrecemos un ancho abanico de servicios para todas las edades: atenci\u00f3n temprana, psicolog\u00eda infanto juvenil, psicolog\u00eda perinatal y mucho m\u00e1s.\" \/>\n<meta name=\"robots\" content=\"index, follow, max-snippet:-1, max-image-preview:large, max-video-preview:-1\" \/>\n<link rel=\"canonical\" href=\"https:\/\/lligams.cat\/es\/servicios\/\" \/>\n<meta property=\"og:locale\" content=\"es_ES\" \/>\n<meta property=\"og:type\" content=\"article\" \/>\n<meta property=\"og:title\" content=\"Servicios - Lligams Sabadell\" \/>\n<meta property=\"og:description\" content=\"A V\u00ednculos te ofrecemos un ancho abanico de servicios para todas las edades: atenci\u00f3n temprana, psicolog\u00eda infanto juvenil, psicolog\u00eda perinatal y mucho m\u00e1s.\" \/>\n<meta property=\"og:url\" content=\"https:\/\/lligams.cat\/es\/servicios\/\" \/>\n<meta property=\"og:site_name\" content=\"Lligams\" \/>\n<meta property=\"article:publisher\" content=\"https:\/\/www.facebook.com\/profile.php?id=100088864314205\" \/>\n<meta property=\"article:modified_time\" content=\"2023-11-06T12:06:15+00:00\" \/>\n<meta name=\"twitter:card\" content=\"summary_large_image\" \/>\n<meta name=\"twitter:label1\" content=\"Tiempo de lectura\" \/>\n\t<meta name=\"twitter:data1\" content=\"8 minutos\" \/>\n<script type=\"application\/ld+json\" class=\"yoast-schema-graph\">{\"@context\":\"https:\/\/schema.org\",\"@graph\":[{\"@type\":\"WebPage\",\"@id\":\"https:\/\/lligams.cat\/es\/servicios\/\",\"url\":\"https:\/\/lligams.cat\/es\/servicios\/\",\"name\":\"Servicios - Lligams Sabadell\",\"isPartOf\":{\"@id\":\"https:\/\/lligams.cat\/#website\"},\"datePublished\":\"2023-10-20T10:09:00+00:00\",\"dateModified\":\"2023-11-06T12:06:15+00:00\",\"description\":\"A V\u00ednculos te ofrecemos un ancho abanico de servicios para todas las edades: atenci\u00f3n temprana, psicolog\u00eda infanto juvenil, psicolog\u00eda perinatal y mucho m\u00e1s.\",\"breadcrumb\":{\"@id\":\"https:\/\/lligams.cat\/es\/servicios\/#breadcrumb\"},\"inLanguage\":\"es\",\"potentialAction\":[{\"@type\":\"ReadAction\",\"target\":[\"https:\/\/lligams.cat\/es\/servicios\/\"]}]},{\"@type\":\"BreadcrumbList\",\"@id\":\"https:\/\/lligams.cat\/es\/servicios\/#breadcrumb\",\"itemListElement\":[{\"@type\":\"ListItem\",\"position\":1,\"name\":\"Portada\",\"item\":\"https:\/\/lligams.cat\/es\/home\/\"},{\"@type\":\"ListItem\",\"position\":2,\"name\":\"Servicios\"}]},{\"@type\":\"WebSite\",\"@id\":\"https:\/\/lligams.cat\/#website\",\"url\":\"https:\/\/lligams.cat\/\",\"name\":\"Lligams\",\"description\":\"Centre de psicologia i logop\u00e8dia a Sabadell\",\"publisher\":{\"@id\":\"https:\/\/lligams.cat\/#organization\"},\"potentialAction\":[{\"@type\":\"SearchAction\",\"target\":{\"@type\":\"EntryPoint\",\"urlTemplate\":\"https:\/\/lligams.cat\/?s={search_term_string}\"},\"query-input\":{\"@type\":\"PropertyValueSpecification\",\"valueRequired\":true,\"valueName\":\"search_term_string\"}}],\"inLanguage\":\"es\"},{\"@type\":\"Organization\",\"@id\":\"https:\/\/lligams.cat\/#organization\",\"name\":\"Lligams\",\"url\":\"https:\/\/lligams.cat\/\",\"logo\":{\"@type\":\"ImageObject\",\"inLanguage\":\"es\",\"@id\":\"https:\/\/lligams.cat\/#\/schema\/logo\/image\/\",\"url\":\"http:\/\/lligams.cat\/wp-content\/uploads\/2023\/10\/Logotipo_DIGITAL_Lligams.png\",\"contentUrl\":\"http:\/\/lligams.cat\/wp-content\/uploads\/2023\/10\/Logotipo_DIGITAL_Lligams.png\",\"width\":340,\"height\":121,\"caption\":\"Lligams\"},\"image\":{\"@id\":\"https:\/\/lligams.cat\/#\/schema\/logo\/image\/\"},\"sameAs\":[\"https:\/\/www.facebook.com\/profile.php?id=100088864314205\",\"https:\/\/www.instagram.com\/lligams_sabadell\/\"]}]}<\/script>\n<!-- \/ Yoast SEO plugin. -->","yoast_head_json":{"title":"Servicios - Lligams Sabadell","description":"A V\u00ednculos te ofrecemos un ancho abanico de servicios para todas las edades: atenci\u00f3n temprana, psicolog\u00eda infanto juvenil, psicolog\u00eda perinatal y mucho m\u00e1s.","robots":{"index":"index","follow":"follow","max-snippet":"max-snippet:-1","max-image-preview":"max-image-preview:large","max-video-preview":"max-video-preview:-1"},"canonical":"https:\/\/lligams.cat\/es\/servicios\/","og_locale":"es_ES","og_type":"article","og_title":"Servicios - Lligams Sabadell","og_description":"A V\u00ednculos te ofrecemos un ancho abanico de servicios para todas las edades: atenci\u00f3n temprana, psicolog\u00eda infanto juvenil, psicolog\u00eda perinatal y mucho m\u00e1s.","og_url":"https:\/\/lligams.cat\/es\/servicios\/","og_site_name":"Lligams","article_publisher":"https:\/\/www.facebook.com\/profile.php?id=100088864314205","article_modified_time":"2023-11-06T12:06:15+00:00","twitter_card":"summary_large_image","twitter_misc":{"Tiempo de lectura":"8 minutos"},"schema":{"@context":"https:\/\/schema.org","@graph":[{"@type":"WebPage","@id":"https:\/\/lligams.cat\/es\/servicios\/","url":"https:\/\/lligams.cat\/es\/servicios\/","name":"Servicios - Lligams Sabadell","isPartOf":{"@id":"https:\/\/lligams.cat\/#website"},"datePublished":"2023-10-20T10:09:00+00:00","dateModified":"2023-11-06T12:06:15+00:00","description":"A V\u00ednculos te ofrecemos un ancho abanico de servicios para todas las edades: atenci\u00f3n temprana, psicolog\u00eda infanto juvenil, psicolog\u00eda perinatal y mucho m\u00e1s.","breadcrumb":{"@id":"https:\/\/lligams.cat\/es\/servicios\/#breadcrumb"},"inLanguage":"es","potentialAction":[{"@type":"ReadAction","target":["https:\/\/lligams.cat\/es\/servicios\/"]}]},{"@type":"BreadcrumbList","@id":"https:\/\/lligams.cat\/es\/servicios\/#breadcrumb","itemListElement":[{"@type":"ListItem","position":1,"name":"Portada","item":"https:\/\/lligams.cat\/es\/home\/"},{"@type":"ListItem","position":2,"name":"Servicios"}]},{"@type":"WebSite","@id":"https:\/\/lligams.cat\/#website","url":"https:\/\/lligams.cat\/","name":"Lligams","description":"Centre de psicologia i logop\u00e8dia a Sabadell","publisher":{"@id":"https:\/\/lligams.cat\/#organization"},"potentialAction":[{"@type":"SearchAction","target":{"@type":"EntryPoint","urlTemplate":"https:\/\/lligams.cat\/?s={search_term_string}"},"query-input":{"@type":"PropertyValueSpecification","valueRequired":true,"valueName":"search_term_string"}}],"inLanguage":"es"},{"@type":"Organization","@id":"https:\/\/lligams.cat\/#organization","name":"Lligams","url":"https:\/\/lligams.cat\/","logo":{"@type":"ImageObject","inLanguage":"es","@id":"https:\/\/lligams.cat\/#\/schema\/logo\/image\/","url":"http:\/\/lligams.cat\/wp-content\/uploads\/2023\/10\/Logotipo_DIGITAL_Lligams.png","contentUrl":"http:\/\/lligams.cat\/wp-content\/uploads\/2023\/10\/Logotipo_DIGITAL_Lligams.png","width":340,"height":121,"caption":"Lligams"},"image":{"@id":"https:\/\/lligams.cat\/#\/schema\/logo\/image\/"},"sameAs":["https:\/\/www.facebook.com\/profile.php?id=100088864314205","https:\/\/www.instagram.com\/lligams_sabadell\/"]}]}},"_links":{"self":[{"href":"https:\/\/lligams.cat\/es\/wp-json\/wp\/v2\/pages\/243243","targetHints":{"allow":["GET"]}}],"collection":[{"href":"https:\/\/lligams.cat\/es\/wp-json\/wp\/v2\/pages"}],"about":[{"href":"https:\/\/lligams.cat\/es\/wp-json\/wp\/v2\/types\/page"}],"author":[{"embeddable":true,"href":"https:\/\/lligams.cat\/es\/wp-json\/wp\/v2\/users\/2"}],"replies":[{"embeddable":true,"href":"https:\/\/lligams.cat\/es\/wp-json\/wp\/v2\/comments?post=243243"}],"version-history":[{"count":6,"href":"https:\/\/lligams.cat\/es\/wp-json\/wp\/v2\/pages\/243243\/revisions"}],"predecessor-version":[{"id":243255,"href":"https:\/\/lligams.cat\/es\/wp-json\/wp\/v2\/pages\/243243\/revisions\/243255"}],"wp:attachment":[{"href":"https:\/\/lligams.cat\/es\/wp-json\/wp\/v2\/media?parent=243243"}],"curies":[{"name":"wp","href":"https:\/\/api.w.org\/{rel}","templated":true}]}}