{"id":243237,"date":"2023-10-24T14:26:54","date_gmt":"2023-10-24T12:26:54","guid":{"rendered":"https:\/\/lligams.cat\/politica-de-privacidad\/"},"modified":"2023-11-06T12:51:08","modified_gmt":"2023-11-06T11:51:08","slug":"politica-de-privacidad","status":"publish","type":"page","link":"https:\/\/lligams.cat\/es\/politica-de-privacidad\/","title":{"rendered":"Pol\u00edtica de privacidad"},"content":{"rendered":"<p>[et_pb_section fb_built=\u00bb1&#8243; _builder_version=\u00bb4.23&#8243; _module_preset=\u00bbdefault\u00bb background_color=\u00bb#FFECC7&#8243; background_enable_image=\u00bboff\u00bb background_size=\u00bbcustom\u00bb background_image_width=\u00bb30%\u00bb background_position=\u00bbcenter_right\u00bb background_blend=\u00bbcolor-dodge\u00bb custom_padding=\u00bb6em||10em||false|false\u00bb hover_enabled=\u00bb0&#8243; global_colors_info=\u00bb{}\u00bb sticky_enabled=\u00bb0&#8243;][et_pb_row _builder_version=\u00bb4.22.1&#8243; _module_preset=\u00bbdefault\u00bb animation_style=\u00bbfade\u00bb custom_css_main_element=\u00bbalign-items:center\u00bb global_colors_info=\u00bb{}\u00bb][et_pb_column type=\u00bb4_4&#8243; _builder_version=\u00bb4.22.1&#8243; _module_preset=\u00bbdefault\u00bb global_colors_info=\u00bb{}\u00bb][et_pb_text _builder_version=\u00bb4.23&#8243; _module_preset=\u00bb72eed0ec-fea5-4fc6-b54b-c38fef219334&#8243; text_font=\u00bb|300|||||||\u00bb text_font_size=\u00bb1.3em\u00bb text_line_height=\u00bb1.5em\u00bb header_font_size=\u00bb2.3em\u00bb header_4_font=\u00bb|800|||||||\u00bb header_4_text_color=\u00bb#675E5C\u00bb header_4_font_size=\u00bb28px\u00bb animation_style=\u00bbfade\u00bb hover_enabled=\u00bb0&#8243; locked=\u00bboff\u00bb global_colors_info=\u00bb{}\u00bb header_text_color=\u00bb#417E77&#8243; sticky_enabled=\u00bb0&#8243;]<\/p>\n<h1>Pol\u00edtica de privacidad<\/h1>\n<p>[\/et_pb_text][et_pb_text _builder_version=\u00bb4.23&#8243; _module_preset=\u00bb72eed0ec-fea5-4fc6-b54b-c38fef219334&#8243; text_font=\u00bb||||||||\u00bb text_font_size=\u00bb1.1em\u00bb text_line_height=\u00bb1.5em\u00bb header_4_font=\u00bb|800|||||||\u00bb header_4_text_color=\u00bb#675E5C\u00bb header_4_font_size=\u00bb28px\u00bb animation_style=\u00bbfade\u00bb hover_enabled=\u00bb0&#8243; locked=\u00bboff\u00bb global_colors_info=\u00bb{}\u00bb header_3_text_color=\u00bb#CC6633&#8243; header_3_font=\u00bb|700|||||||\u00bb sticky_enabled=\u00bb0&#8243; link_text_color=\u00bb#CC6633&#8243;]<\/p>\n<h3>Introducci\u00f3n<\/h3>\n<p>A Lligams, sensibilizados con las necesidades de los usuarios de Internet y conscientes de la importancia de la rigurosa privacidad de la informaci\u00f3n personal que nos conf\u00edan, incluimos esta declaraci\u00f3n de privacidad con el objeto del hecho que seas consciente de la pol\u00edtica en el tratamiento de los datos personales que se obtienen de los visitantes y usuarios.<\/p>\n<p>Como usuario, aceptas estas condiciones por el sol hecho de leer, visualizar o navegar en la web. Si no lo aceptas, tienes que abandonar la web, sin hacer uso de ella ni de su contenido, y sin acceder en las p\u00e1ginas enlazadas.<\/p>\n<p>&nbsp;<\/p>\n<h3>Responsable del tratamiento de datos<\/h3>\n<p>El titular del sitio web y responsable del tratamiento de datos es <span>Alba P\u00e9rez Iba\u00f1ez<\/span>, con CIF <span>46067351F.<\/span> Para contactar puedes usar la direcci\u00f3n de correo electr\u00f3nico <a href=\"mailto:info@lligams.cat\">info@lligams.cat<\/a> o correo postal a <span>Carrer de Gr\u00e0cia, 147, 08201 Sabadell, Barcelona<\/span>.<\/p>\n<p>&nbsp;<\/p>\n<h3>Finalidades del tratamiento de datos<\/h3>\n<p>En nuestra web, existen apartados espec\u00edficos donde puedes anotar tus datos para recibir informaci\u00f3n sobre actualizaciones de nuestra web y de algunos programas que se distribuyen. Nosotros te aseguramos que la informaci\u00f3n que nos facilites ser\u00e1 gestionada de manera confidencial.<\/p>\n<p>\u00b7 Formulario de contacto: Mantener contacto contigo u otras acciones requeridas.<br \/>\u00b7 Suscripci\u00f3n a bolet\u00edn: Enviar boletines a tu direcci\u00f3n de correo electr\u00f3nico.<br \/>\u00b7 Los datos se almacenar\u00e1n mientras exista previsi\u00f3n de su uso para el fin para el cual fueron recogidas.<br \/>\u00b7 No se hacen tomas de decisiones automatizadas con tus datos.<br \/>\u00b7 La web puede utilizar galletas.<\/p>\n<p>&nbsp;<\/p>\n<h3>Legitimaci\u00f3n<\/h3>\n<p>El uso de tus datos se efect\u00faa porque nos das tu consentimiento para utilizar las que nos proporcionas en los formularios por un uso espec\u00edfico que se indica en cada uno de ellos. Todos tus datos solo son necesarias para usos concretos por los cuales se te solicitan, si no lo haces, estos servicios no son posibles.<\/p>\n<p>&nbsp;<\/p>\n<h3>Destinatarios de sus datos<\/h3>\n<p>Existe un compromiso firme por parte nuestro que los datos que proporciones a Lligams, no ser\u00e1n vendidas ni cedidas a terceras personas sin tu previo consentimiento, para ning\u00fan concepto o circunstancia, excepto consentimiento expreso u obligaci\u00f3n legal.<\/p>\n<p>Nuestra web contiene enlaces hacia otros webs de terceros. Lligams no se hace responsable por las pol\u00edticas y pr\u00e1cticas de privacidad de estas otras webs.<\/p>\n<p>&nbsp;<\/p>\n<h3>Sus derechos<\/h3>\n<p>Tienes derecho a acceder a la informaci\u00f3n que sobre tu persona est\u00e9 almacenada en nuestras bases de datos, rectificarla en caso de error, suprimirla, limitarla oponerte a su tratamiento y retirar el consentimiento si este es tu deseo. Para hacerlo solo tienes que escribir un e-mail a la direcci\u00f3n de correo electr\u00f3nico: <a href=\"mailto:info@lligams.cat\">info@lligams.cat<\/a> donde te responderemos a cualquier consulta, comentario, aclaraci\u00f3n que nos hagas al respeto.<\/p>\n<p>Para mayor informaci\u00f3n sobre temas relacionados, la web de referencia de la Red espa\u00f1ola es la <em>Agencia de Protecci\u00f3n de Datos<\/em>, donde tienes derecho a reclamar.<\/p>\n<p>[\/et_pb_text][\/et_pb_column][\/et_pb_row][\/et_pb_section]<\/p>\n","protected":false},"excerpt":{"rendered":"<p>Pol\u00edtica de privacidadIntroducci\u00f3n A Lligams, sensibilizados con las necesidades de los usuarios de Internet y conscientes de la importancia de la rigurosa privacidad de la informaci\u00f3n personal que nos conf\u00edan, incluimos esta declaraci\u00f3n de privacidad con el objeto del hecho que seas consciente de la pol\u00edtica en el tratamiento de los datos personales que se obtienen de los visitantes y usuarios. Como usuario, aceptas estas condiciones por el sol hecho de leer, visualizar o navegar en la web. Si no lo aceptas, tienes que abandonar la web, sin hacer uso de ella ni de su contenido, y sin acceder en las p\u00e1ginas enlazadas. &nbsp; Responsable del tratamiento de datos El titular del sitio web y responsable del tratamiento de datos es Alba P\u00e9rez Iba\u00f1ez, con CIF 46067351F. Para contactar puedes usar la direcci\u00f3n de correo electr\u00f3nico info@lligams.cat o correo postal a Carrer de Gr\u00e0cia, 147, 08201 Sabadell, Barcelona. &nbsp; Finalidades del tratamiento de datos En nuestra web, existen apartados espec\u00edficos donde puedes anotar tus datos para recibir informaci\u00f3n sobre actualizaciones de nuestra web y de algunos programas que se distribuyen. Nosotros te aseguramos que la informaci\u00f3n que nos facilites ser\u00e1 gestionada de manera confidencial. \u00b7 Formulario de contacto: Mantener contacto [&hellip;]<\/p>\n","protected":false},"author":2,"featured_media":0,"parent":0,"menu_order":0,"comment_status":"closed","ping_status":"closed","template":"","meta":{"_et_pb_use_builder":"on","_et_pb_old_content":"","_et_gb_content_width":"","footnotes":""},"class_list":["post-243237","page","type-page","status-publish","hentry"],"yoast_head":"<!-- This site is optimized with the Yoast SEO plugin v26.8 - https:\/\/yoast.com\/product\/yoast-seo-wordpress\/ -->\n<title>Pol\u00edtica de privacidad - Lligams<\/title>\n<meta name=\"robots\" content=\"index, follow, max-snippet:-1, max-image-preview:large, max-video-preview:-1\" \/>\n<link rel=\"canonical\" href=\"https:\/\/lligams.cat\/es\/politica-de-privacidad\/\" \/>\n<meta property=\"og:locale\" content=\"es_ES\" \/>\n<meta property=\"og:type\" content=\"article\" \/>\n<meta property=\"og:title\" content=\"Pol\u00edtica de privacidad - Lligams\" \/>\n<meta property=\"og:description\" content=\"Pol\u00edtica de privacidadIntroducci\u00f3n A Lligams, sensibilizados con las necesidades de los usuarios de Internet y conscientes de la importancia de la rigurosa privacidad de la informaci\u00f3n personal que nos conf\u00edan, incluimos esta declaraci\u00f3n de privacidad con el objeto del hecho que seas consciente de la pol\u00edtica en el tratamiento de los datos personales que se obtienen de los visitantes y usuarios. Como usuario, aceptas estas condiciones por el sol hecho de leer, visualizar o navegar en la web. Si no lo aceptas, tienes que abandonar la web, sin hacer uso de ella ni de su contenido, y sin acceder en las p\u00e1ginas enlazadas. &nbsp; Responsable del tratamiento de datos El titular del sitio web y responsable del tratamiento de datos es Alba P\u00e9rez Iba\u00f1ez, con CIF 46067351F. Para contactar puedes usar la direcci\u00f3n de correo electr\u00f3nico info@lligams.cat o correo postal a Carrer de Gr\u00e0cia, 147, 08201 Sabadell, Barcelona. &nbsp; Finalidades del tratamiento de datos En nuestra web, existen apartados espec\u00edficos donde puedes anotar tus datos para recibir informaci\u00f3n sobre actualizaciones de nuestra web y de algunos programas que se distribuyen. Nosotros te aseguramos que la informaci\u00f3n que nos facilites ser\u00e1 gestionada de manera confidencial. \u00b7 Formulario de contacto: Mantener contacto [&hellip;]\" \/>\n<meta property=\"og:url\" content=\"https:\/\/lligams.cat\/es\/politica-de-privacidad\/\" \/>\n<meta property=\"og:site_name\" content=\"Lligams\" \/>\n<meta property=\"article:publisher\" content=\"https:\/\/www.facebook.com\/profile.php?id=100088864314205\" \/>\n<meta property=\"article:modified_time\" content=\"2023-11-06T11:51:08+00:00\" \/>\n<meta name=\"twitter:card\" content=\"summary_large_image\" \/>\n<meta name=\"twitter:label1\" content=\"Tiempo de lectura\" \/>\n\t<meta name=\"twitter:data1\" content=\"4 minutos\" \/>\n<script type=\"application\/ld+json\" class=\"yoast-schema-graph\">{\"@context\":\"https:\/\/schema.org\",\"@graph\":[{\"@type\":\"WebPage\",\"@id\":\"https:\/\/lligams.cat\/es\/politica-de-privacidad\/\",\"url\":\"https:\/\/lligams.cat\/es\/politica-de-privacidad\/\",\"name\":\"Pol\u00edtica de privacidad - Lligams\",\"isPartOf\":{\"@id\":\"https:\/\/lligams.cat\/#website\"},\"datePublished\":\"2023-10-24T12:26:54+00:00\",\"dateModified\":\"2023-11-06T11:51:08+00:00\",\"breadcrumb\":{\"@id\":\"https:\/\/lligams.cat\/es\/politica-de-privacidad\/#breadcrumb\"},\"inLanguage\":\"es\",\"potentialAction\":[{\"@type\":\"ReadAction\",\"target\":[\"https:\/\/lligams.cat\/es\/politica-de-privacidad\/\"]}]},{\"@type\":\"BreadcrumbList\",\"@id\":\"https:\/\/lligams.cat\/es\/politica-de-privacidad\/#breadcrumb\",\"itemListElement\":[{\"@type\":\"ListItem\",\"position\":1,\"name\":\"Portada\",\"item\":\"https:\/\/lligams.cat\/es\/home\/\"},{\"@type\":\"ListItem\",\"position\":2,\"name\":\"Pol\u00edtica de privacidad\"}]},{\"@type\":\"WebSite\",\"@id\":\"https:\/\/lligams.cat\/#website\",\"url\":\"https:\/\/lligams.cat\/\",\"name\":\"Lligams\",\"description\":\"Centre de psicologia i logop\u00e8dia a Sabadell\",\"publisher\":{\"@id\":\"https:\/\/lligams.cat\/#organization\"},\"potentialAction\":[{\"@type\":\"SearchAction\",\"target\":{\"@type\":\"EntryPoint\",\"urlTemplate\":\"https:\/\/lligams.cat\/?s={search_term_string}\"},\"query-input\":{\"@type\":\"PropertyValueSpecification\",\"valueRequired\":true,\"valueName\":\"search_term_string\"}}],\"inLanguage\":\"es\"},{\"@type\":\"Organization\",\"@id\":\"https:\/\/lligams.cat\/#organization\",\"name\":\"Lligams\",\"url\":\"https:\/\/lligams.cat\/\",\"logo\":{\"@type\":\"ImageObject\",\"inLanguage\":\"es\",\"@id\":\"https:\/\/lligams.cat\/#\/schema\/logo\/image\/\",\"url\":\"http:\/\/lligams.cat\/wp-content\/uploads\/2023\/10\/Logotipo_DIGITAL_Lligams.png\",\"contentUrl\":\"http:\/\/lligams.cat\/wp-content\/uploads\/2023\/10\/Logotipo_DIGITAL_Lligams.png\",\"width\":340,\"height\":121,\"caption\":\"Lligams\"},\"image\":{\"@id\":\"https:\/\/lligams.cat\/#\/schema\/logo\/image\/\"},\"sameAs\":[\"https:\/\/www.facebook.com\/profile.php?id=100088864314205\",\"https:\/\/www.instagram.com\/lligams_sabadell\/\"]}]}<\/script>\n<!-- \/ Yoast SEO plugin. -->","yoast_head_json":{"title":"Pol\u00edtica de privacidad - Lligams","robots":{"index":"index","follow":"follow","max-snippet":"max-snippet:-1","max-image-preview":"max-image-preview:large","max-video-preview":"max-video-preview:-1"},"canonical":"https:\/\/lligams.cat\/es\/politica-de-privacidad\/","og_locale":"es_ES","og_type":"article","og_title":"Pol\u00edtica de privacidad - Lligams","og_description":"Pol\u00edtica de privacidadIntroducci\u00f3n A Lligams, sensibilizados con las necesidades de los usuarios de Internet y conscientes de la importancia de la rigurosa privacidad de la informaci\u00f3n personal que nos conf\u00edan, incluimos esta declaraci\u00f3n de privacidad con el objeto del hecho que seas consciente de la pol\u00edtica en el tratamiento de los datos personales que se obtienen de los visitantes y usuarios. Como usuario, aceptas estas condiciones por el sol hecho de leer, visualizar o navegar en la web. Si no lo aceptas, tienes que abandonar la web, sin hacer uso de ella ni de su contenido, y sin acceder en las p\u00e1ginas enlazadas. &nbsp; Responsable del tratamiento de datos El titular del sitio web y responsable del tratamiento de datos es Alba P\u00e9rez Iba\u00f1ez, con CIF 46067351F. Para contactar puedes usar la direcci\u00f3n de correo electr\u00f3nico info@lligams.cat o correo postal a Carrer de Gr\u00e0cia, 147, 08201 Sabadell, Barcelona. &nbsp; Finalidades del tratamiento de datos En nuestra web, existen apartados espec\u00edficos donde puedes anotar tus datos para recibir informaci\u00f3n sobre actualizaciones de nuestra web y de algunos programas que se distribuyen. Nosotros te aseguramos que la informaci\u00f3n que nos facilites ser\u00e1 gestionada de manera confidencial. \u00b7 Formulario de contacto: Mantener contacto [&hellip;]","og_url":"https:\/\/lligams.cat\/es\/politica-de-privacidad\/","og_site_name":"Lligams","article_publisher":"https:\/\/www.facebook.com\/profile.php?id=100088864314205","article_modified_time":"2023-11-06T11:51:08+00:00","twitter_card":"summary_large_image","twitter_misc":{"Tiempo de lectura":"4 minutos"},"schema":{"@context":"https:\/\/schema.org","@graph":[{"@type":"WebPage","@id":"https:\/\/lligams.cat\/es\/politica-de-privacidad\/","url":"https:\/\/lligams.cat\/es\/politica-de-privacidad\/","name":"Pol\u00edtica de privacidad - Lligams","isPartOf":{"@id":"https:\/\/lligams.cat\/#website"},"datePublished":"2023-10-24T12:26:54+00:00","dateModified":"2023-11-06T11:51:08+00:00","breadcrumb":{"@id":"https:\/\/lligams.cat\/es\/politica-de-privacidad\/#breadcrumb"},"inLanguage":"es","potentialAction":[{"@type":"ReadAction","target":["https:\/\/lligams.cat\/es\/politica-de-privacidad\/"]}]},{"@type":"BreadcrumbList","@id":"https:\/\/lligams.cat\/es\/politica-de-privacidad\/#breadcrumb","itemListElement":[{"@type":"ListItem","position":1,"name":"Portada","item":"https:\/\/lligams.cat\/es\/home\/"},{"@type":"ListItem","position":2,"name":"Pol\u00edtica de privacidad"}]},{"@type":"WebSite","@id":"https:\/\/lligams.cat\/#website","url":"https:\/\/lligams.cat\/","name":"Lligams","description":"Centre de psicologia i logop\u00e8dia a Sabadell","publisher":{"@id":"https:\/\/lligams.cat\/#organization"},"potentialAction":[{"@type":"SearchAction","target":{"@type":"EntryPoint","urlTemplate":"https:\/\/lligams.cat\/?s={search_term_string}"},"query-input":{"@type":"PropertyValueSpecification","valueRequired":true,"valueName":"search_term_string"}}],"inLanguage":"es"},{"@type":"Organization","@id":"https:\/\/lligams.cat\/#organization","name":"Lligams","url":"https:\/\/lligams.cat\/","logo":{"@type":"ImageObject","inLanguage":"es","@id":"https:\/\/lligams.cat\/#\/schema\/logo\/image\/","url":"http:\/\/lligams.cat\/wp-content\/uploads\/2023\/10\/Logotipo_DIGITAL_Lligams.png","contentUrl":"http:\/\/lligams.cat\/wp-content\/uploads\/2023\/10\/Logotipo_DIGITAL_Lligams.png","width":340,"height":121,"caption":"Lligams"},"image":{"@id":"https:\/\/lligams.cat\/#\/schema\/logo\/image\/"},"sameAs":["https:\/\/www.facebook.com\/profile.php?id=100088864314205","https:\/\/www.instagram.com\/lligams_sabadell\/"]}]}},"_links":{"self":[{"href":"https:\/\/lligams.cat\/es\/wp-json\/wp\/v2\/pages\/243237","targetHints":{"allow":["GET"]}}],"collection":[{"href":"https:\/\/lligams.cat\/es\/wp-json\/wp\/v2\/pages"}],"about":[{"href":"https:\/\/lligams.cat\/es\/wp-json\/wp\/v2\/types\/page"}],"author":[{"embeddable":true,"href":"https:\/\/lligams.cat\/es\/wp-json\/wp\/v2\/users\/2"}],"replies":[{"embeddable":true,"href":"https:\/\/lligams.cat\/es\/wp-json\/wp\/v2\/comments?post=243237"}],"version-history":[{"count":5,"href":"https:\/\/lligams.cat\/es\/wp-json\/wp\/v2\/pages\/243237\/revisions"}],"predecessor-version":[{"id":243242,"href":"https:\/\/lligams.cat\/es\/wp-json\/wp\/v2\/pages\/243237\/revisions\/243242"}],"wp:attachment":[{"href":"https:\/\/lligams.cat\/es\/wp-json\/wp\/v2\/media?parent=243237"}],"curies":[{"name":"wp","href":"https:\/\/api.w.org\/{rel}","templated":true}]}}