{"id":243231,"date":"2023-10-20T10:44:33","date_gmt":"2023-10-20T08:44:33","guid":{"rendered":"https:\/\/lligams.cat\/lligams\/"},"modified":"2023-11-08T11:16:27","modified_gmt":"2023-11-08T10:16:27","slug":"lligams","status":"publish","type":"page","link":"https:\/\/lligams.cat\/es\/lligams\/","title":{"rendered":"Lligams"},"content":{"rendered":"<p>[et_pb_section fb_built=\u00bb1&#8243; _builder_version=\u00bb4.22.2&#8243; _module_preset=\u00bbdefault\u00bb background_color=\u00bb#FFECC7&#8243; global_colors_info=\u00bb{}\u00bb][et_pb_row _builder_version=\u00bb4.22.2&#8243; _module_preset=\u00bbdefault\u00bb custom_margin=\u00bb2em||||false|false\u00bb global_colors_info=\u00bb{}\u00bb][et_pb_column type=\u00bb4_4&#8243; _builder_version=\u00bb4.22.2&#8243; _module_preset=\u00bbdefault\u00bb global_colors_info=\u00bb{}\u00bb][et_pb_text _builder_version=\u00bb4.23&#8243; _module_preset=\u00bbdefault\u00bb header_font=\u00bb|800|||||||\u00bb header_text_align=\u00bbcenter\u00bb header_text_color=\u00bb#417E77&#8243; header_font_size=\u00bb40px\u00bb header_2_font=\u00bb|800|||||||\u00bb header_2_text_color=\u00bb#417E77&#8243; header_2_font_size=\u00bb36px\u00bb custom_margin=\u00bb||10px||false|false\u00bb animation_style=\u00bbslide\u00bb animation_direction=\u00bbbottom\u00bb animation_duration=\u00bb900ms\u00bb animation_intensity_slide=\u00bb10%\u00bb global_colors_info=\u00bb{}\u00bb]<\/p>\n<h1>Lligams<\/h1>\n<p>[\/et_pb_text][et_pb_text _builder_version=\u00bb4.23&#8243; _module_preset=\u00bbdefault\u00bb text_font=\u00bb|300|||||||\u00bb text_text_color=\u00bb#417E77&#8243; text_font_size=\u00bb34px\u00bb text_line_height=\u00bb1.1em\u00bb header_font=\u00bb||||||||\u00bb header_text_color=\u00bb#417E77&#8243; header_font_size=\u00bb32px\u00bb header_line_height=\u00bb1.1em\u00bb header_2_font=\u00bb||||||||\u00bb header_2_text_color=\u00bb#417E77&#8243; header_2_font_size=\u00bb30px\u00bb header_2_line_height=\u00bb1.2em\u00bb text_orientation=\u00bbcenter\u00bb custom_margin=\u00bb|4em||4em|false|true\u00bb custom_margin_tablet=\u00bb|0em||0em|false|true\u00bb custom_margin_phone=\u00bb|0em||0em|false|true\u00bb custom_margin_last_edited=\u00bbon|phone\u00bb animation_style=\u00bbslide\u00bb animation_direction=\u00bbbottom\u00bb animation_duration=\u00bb900ms\u00bb animation_intensity_slide=\u00bb10%\u00bb header_font_size_tablet=\u00bb32px\u00bb header_font_size_phone=\u00bb26px\u00bb header_font_size_last_edited=\u00bbon|phone\u00bb header_2_font_size_tablet=\u00bb32px\u00bb header_2_font_size_phone=\u00bb26px\u00bb header_2_font_size_last_edited=\u00bbon|phone\u00bb global_colors_info=\u00bb{}\u00bb]<\/p>\n<h2>Lligams es un peque\u00f1o proyecto que nace de la <strong>ilusi\u00f3n<\/strong> de dar <strong>apoyo y acompa\u00f1amiento <\/strong> a la mujer, a los ni\u00f1os y j\u00f3venes como tambi\u00e9n\u0301 a las familias.<\/h2>\n<p>[\/et_pb_text][et_pb_image src=\u00bbhttp:\/\/lligams.cat\/wp-content\/uploads\/2023\/10\/senefa.svg\u00bb title_text=\u00bbsenefa\u00bb align=\u00bbcenter\u00bb _builder_version=\u00bb4.23&#8243; _module_preset=\u00bbdefault\u00bb width=\u00bb20%\u00bb width_tablet=\u00bb50%\u00bb width_phone=\u00bb50%\u00bb width_last_edited=\u00bbon|tablet\u00bb global_colors_info=\u00bb{}\u00bb][\/et_pb_image][\/et_pb_column][\/et_pb_row][et_pb_row admin_label=\u00bbForma Izquierda\u00bb _builder_version=\u00bb4.23&#8243; _module_preset=\u00bbdefault\u00bb width=\u00bb100%\u00bb max_width=\u00bb100%\u00bb global_colors_info=\u00bb{}\u00bb][et_pb_column type=\u00bb4_4&#8243; _builder_version=\u00bb4.16&#8243; _module_preset=\u00bbdefault\u00bb global_colors_info=\u00bb{}\u00bb][et_pb_image src=\u00bbhttp:\/\/lligams.cat\/wp-content\/uploads\/2023\/10\/Forma2.png\u00bb title_text=\u00bbForma2&#8243; disabled_on=\u00bbon|on|off\u00bb _builder_version=\u00bb4.23&#8243; _module_preset=\u00bbdefault\u00bb positioning=\u00bbabsolute\u00bb width=\u00bb10%\u00bb custom_margin=\u00bb|||-40px|false|false\u00bb scroll_vertical_motion_enable=\u00bbon\u00bb scroll_vertical_motion=\u00bb0|50|50|100|-1|0|1&#8243; custom_css_main_element=\u00bbbottom:-250px !important; top:unset;\u00bb locked=\u00bboff\u00bb global_colors_info=\u00bb{}\u00bb][\/et_pb_image][\/et_pb_column][\/et_pb_row][et_pb_row column_structure=\u00bb1_2,1_2&#8243; _builder_version=\u00bb4.23&#8243; _module_preset=\u00bbdefault\u00bb custom_margin=\u00bb||6em||false|false\u00bb hover_enabled=\u00bb0&#8243; custom_css_main_element=\u00bbalign-items:center\u00bb global_colors_info=\u00bb{}\u00bb sticky_enabled=\u00bb0&#8243;][et_pb_column type=\u00bb1_2&#8243; _builder_version=\u00bb4.22.2&#8243; _module_preset=\u00bbdefault\u00bb animation_style=\u00bbslide\u00bb animation_direction=\u00bbbottom\u00bb animation_duration=\u00bb900ms\u00bb animation_intensity_slide=\u00bb10%\u00bb global_colors_info=\u00bb{}\u00bb][et_pb_text _builder_version=\u00bb4.23&#8243; _module_preset=\u00bbdefault\u00bb text_font=\u00bb||||||||\u00bb text_text_color=\u00bb#417E77&#8243; text_font_size=\u00bb20px\u00bb text_line_height=\u00bb1.3em\u00bb global_colors_info=\u00bb{}\u00bb]<\/p>\n<p>Desde una visi\u00f3n hol\u00edstica y ecosist\u00e9mica, cuidamos a cada una de las personas que nos llega teniendo en cuenta su singularidad individual, el contexto familiar, social, cultural que lo rodea. Esto nos permite tener una visi\u00f3n que va del micro al macrosistema, y nos ayuda a poder dar una atenci\u00f3n personalizada.<\/p>\n<p>En relaci\u00f3n a la infancia y juventud, creemos primordial ir de la mano de la familia, donde el entendimiento y la implicaci\u00f3n activa nos ayuda a establecer v\u00ednculos fuertes que nos facilitan llevar a cabo una intervenci\u00f3n beneficiosa. Este equipo tambi\u00e9n est\u00e1 formado por el centro educativo: una comunicaci\u00f3n fluida y coordinada nos permite ir a la una, ayud\u00e1ndonos a acompa\u00f1ar al menor en su d\u00eda a d\u00eda de forma positiva.<\/p>\n<p>Tampoco podemos dejar de banda a otros profesionales que est\u00e1n implicados: EAP, CSMIJ, CDIAP, monitores, pediatr\u00eda, otros profesionales sanitarios&#8230; cada cual\u0301 de ellos aporta su visi\u00f3n\u0301 y nos complementa.<\/p>\n<p>[\/et_pb_text][\/et_pb_column][et_pb_column type=\u00bb1_2&#8243; _builder_version=\u00bb4.22.2&#8243; _module_preset=\u00bbdefault\u00bb animation_style=\u00bbslide\u00bb animation_direction=\u00bbbottom\u00bb animation_duration=\u00bb900ms\u00bb animation_intensity_slide=\u00bb10%\u00bb global_colors_info=\u00bb{}\u00bb][dsm_masonry_gallery _builder_version=\u00bb4.23&#8243; _module_preset=\u00bbdefault\u00bb gallery_ids=\u00bb243281,243283,243285,243287,243289,243291&#8243; dsm_sort_images=\u00bboff\u00bb use_zoom_on_hover=\u00bbon\u00bb columns=\u00bb2&#8243; border_radii_grid=\u00bbon|6px|6px|6px|6px\u00bb hover_enabled=\u00bb0&#8243; sticky_enabled=\u00bb0&#8243; use_lightbox=\u00bbon\u00bb][\/dsm_masonry_gallery][\/et_pb_column][\/et_pb_row][\/et_pb_section]<\/p>\n","protected":false},"excerpt":{"rendered":"<p>LligamsLligams es un peque\u00f1o proyecto que nace de la ilusi\u00f3n de dar apoyo y acompa\u00f1amiento a la mujer, a los ni\u00f1os y j\u00f3venes como tambi\u00e9n\u0301 a las familias.Desde una visi\u00f3n hol\u00edstica y ecosist\u00e9mica, cuidamos a cada una de las personas que nos llega teniendo en cuenta su singularidad individual, el contexto familiar, social, cultural que lo rodea. Esto nos permite tener una visi\u00f3n que va del micro al macrosistema, y nos ayuda a poder dar una atenci\u00f3n personalizada. En relaci\u00f3n a la infancia y juventud, creemos primordial ir de la mano de la familia, donde el entendimiento y la implicaci\u00f3n activa nos ayuda a establecer v\u00ednculos fuertes que nos facilitan llevar a cabo una intervenci\u00f3n beneficiosa. Este equipo tambi\u00e9n est\u00e1 formado por el centro educativo: una comunicaci\u00f3n fluida y coordinada nos permite ir a la una, ayud\u00e1ndonos a acompa\u00f1ar al menor en su d\u00eda a d\u00eda de forma positiva. Tampoco podemos dejar de banda a otros profesionales que est\u00e1n implicados: EAP, CSMIJ, CDIAP, monitores, pediatr\u00eda, otros profesionales sanitarios&#8230; cada cual\u0301 de ellos aporta su visi\u00f3n\u0301 y nos complementa.<div class=\"et_pb_module dsm_masonry_gallery dsm_masonry_gallery_0\">\n\t\t\t\t\n\t\t\t\t\n\t\t\t\t\n\t\t\t\t\n\t\t\t\t\n\t\t\t\t\n\t\t\t\t<div class=\"et_pb_module_inner\">\n\t\t\t\t\t<div class=\"dsm-gallery grid dsm_masonry_zoom_hover\" data-lightbox=\"true\" data-horizontalorder=\"true\">\n                <div class=\"grid-sizer\"><\/div><div class=\"gutter-sizer\"><\/div><div class=\"grid-item\">\n                    <a href=\"https:\/\/lligams.cat\/wp-content\/uploads\/2023\/11\/atencio-personalitzada-1.jpg\"  data-title='atencio-personalitzada'  data-caption='' data-mfp-src=\"https:\/\/lligams.cat\/wp-content\/uploads\/2023\/11\/atencio-personalitzada-1.jpg\">\n                        <div class=\"et_pb_image_wrap\">\n                            <img loading=\"lazy\" decoding=\"async\" src=\"https:\/\/lligams.cat\/wp-content\/uploads\/2023\/11\/atencio-personalitzada-1.jpg\" title=\"atencio-personalitzada\" alt=\"\" class=\"dsm-skip-lazyload\" srcset=\"https:\/\/lligams.cat\/wp-content\/uploads\/2023\/11\/atencio-personalitzada-1.jpg 2000w, https:\/\/lligams.cat\/wp-content\/uploads\/2023\/11\/atencio-personalitzada-1-1280x960.jpg 1280w, https:\/\/lligams.cat\/wp-content\/uploads\/2023\/11\/atencio-personalitzada-1-980x735.jpg 980w, https:\/\/lligams.cat\/wp-content\/uploads\/2023\/11\/atencio-personalitzada-1-480x360.jpg 480w\" sizes=\"(min-width: 0px) and (max-width: 480px) 480px, (min-width: 481px) and (max-width: 980px) 980px, (min-width: 981px) and (max-width: 1280px) 1280px, (min-width: 1281px) 2000px, 100vw\" width=\"2000\" height=\"1500\" \/>\n                            \n                        <\/div>\n                    <\/a>\n                <\/div><div class=\"grid-item\">\n                    <a href=\"https:\/\/lligams.cat\/wp-content\/uploads\/2023\/11\/benestar-1.jpg\"  data-title='benestar'  data-caption='' data-mfp-src=\"https:\/\/lligams.cat\/wp-content\/uploads\/2023\/11\/benestar-1.jpg\">\n                        <div class=\"et_pb_image_wrap\">\n                            <img loading=\"lazy\" decoding=\"async\" src=\"https:\/\/lligams.cat\/wp-content\/uploads\/2023\/11\/benestar-1.jpg\" title=\"benestar\" alt=\"\" class=\"dsm-skip-lazyload\" srcset=\"https:\/\/lligams.cat\/wp-content\/uploads\/2023\/11\/benestar-1.jpg 2000w, https:\/\/lligams.cat\/wp-content\/uploads\/2023\/11\/benestar-1-1280x960.jpg 1280w, https:\/\/lligams.cat\/wp-content\/uploads\/2023\/11\/benestar-1-980x735.jpg 980w, https:\/\/lligams.cat\/wp-content\/uploads\/2023\/11\/benestar-1-480x360.jpg 480w\" sizes=\"(min-width: 0px) and (max-width: 480px) 480px, (min-width: 481px) and (max-width: 980px) 980px, (min-width: 981px) and (max-width: 1280px) 1280px, (min-width: 1281px) 2000px, 100vw\" width=\"2000\" height=\"1500\" \/>\n                            \n                        <\/div>\n                    <\/a>\n                <\/div><div class=\"grid-item\">\n                    <a href=\"https:\/\/lligams.cat\/wp-content\/uploads\/2023\/11\/jocs-educatius.jpg\"  data-title='jocs-educatius'  data-caption='' data-mfp-src=\"https:\/\/lligams.cat\/wp-content\/uploads\/2023\/11\/jocs-educatius.jpg\">\n                        <div class=\"et_pb_image_wrap\">\n                            <img loading=\"lazy\" decoding=\"async\" src=\"https:\/\/lligams.cat\/wp-content\/uploads\/2023\/11\/jocs-educatius.jpg\" title=\"jocs-educatius\" alt=\"\" class=\"dsm-skip-lazyload\" srcset=\"https:\/\/lligams.cat\/wp-content\/uploads\/2023\/11\/jocs-educatius.jpg 2000w, https:\/\/lligams.cat\/wp-content\/uploads\/2023\/11\/jocs-educatius-1280x960.jpg 1280w, https:\/\/lligams.cat\/wp-content\/uploads\/2023\/11\/jocs-educatius-980x735.jpg 980w, https:\/\/lligams.cat\/wp-content\/uploads\/2023\/11\/jocs-educatius-480x360.jpg 480w\" sizes=\"(min-width: 0px) and (max-width: 480px) 480px, (min-width: 481px) and (max-width: 980px) 980px, (min-width: 981px) and (max-width: 1280px) 1280px, (min-width: 1281px) 2000px, 100vw\" width=\"2000\" height=\"1500\" \/>\n                            \n                        <\/div>\n                    <\/a>\n                <\/div><div class=\"grid-item\">\n                    <a href=\"https:\/\/lligams.cat\/wp-content\/uploads\/2023\/11\/llibreria.jpg\"  data-title='llibreria'  data-caption='' data-mfp-src=\"https:\/\/lligams.cat\/wp-content\/uploads\/2023\/11\/llibreria.jpg\">\n                        <div class=\"et_pb_image_wrap\">\n                            <img loading=\"lazy\" decoding=\"async\" src=\"https:\/\/lligams.cat\/wp-content\/uploads\/2023\/11\/llibreria.jpg\" title=\"llibreria\" alt=\"\" class=\"dsm-skip-lazyload\" srcset=\"https:\/\/lligams.cat\/wp-content\/uploads\/2023\/11\/llibreria.jpg 2000w, https:\/\/lligams.cat\/wp-content\/uploads\/2023\/11\/llibreria-1280x960.jpg 1280w, https:\/\/lligams.cat\/wp-content\/uploads\/2023\/11\/llibreria-980x735.jpg 980w, https:\/\/lligams.cat\/wp-content\/uploads\/2023\/11\/llibreria-480x360.jpg 480w\" sizes=\"(min-width: 0px) and (max-width: 480px) 480px, (min-width: 481px) and (max-width: 980px) 980px, (min-width: 981px) and (max-width: 1280px) 1280px, (min-width: 1281px) 2000px, 100vw\" width=\"2000\" height=\"1500\" \/>\n                            \n                        <\/div>\n                    <\/a>\n                <\/div><div class=\"grid-item\">\n                    <a href=\"https:\/\/lligams.cat\/wp-content\/uploads\/2023\/11\/recepcio-lligams.jpg\"  data-title='recepcio-lligams'  data-caption='' data-mfp-src=\"https:\/\/lligams.cat\/wp-content\/uploads\/2023\/11\/recepcio-lligams.jpg\">\n                        <div class=\"et_pb_image_wrap\">\n                            <img loading=\"lazy\" decoding=\"async\" src=\"https:\/\/lligams.cat\/wp-content\/uploads\/2023\/11\/recepcio-lligams.jpg\" title=\"recepcio-lligams\" alt=\"\" class=\"dsm-skip-lazyload\" srcset=\"https:\/\/lligams.cat\/wp-content\/uploads\/2023\/11\/recepcio-lligams.jpg 1500w, https:\/\/lligams.cat\/wp-content\/uploads\/2023\/11\/recepcio-lligams-1280x1707.jpg 1280w, https:\/\/lligams.cat\/wp-content\/uploads\/2023\/11\/recepcio-lligams-980x1307.jpg 980w, https:\/\/lligams.cat\/wp-content\/uploads\/2023\/11\/recepcio-lligams-480x640.jpg 480w\" sizes=\"(min-width: 0px) and (max-width: 480px) 480px, (min-width: 481px) and (max-width: 980px) 980px, (min-width: 981px) and (max-width: 1280px) 1280px, (min-width: 1281px) 1500px, 100vw\" width=\"1500\" height=\"2000\" \/>\n                            \n                        <\/div>\n                    <\/a>\n                <\/div><div class=\"grid-item\">\n                    <a href=\"https:\/\/lligams.cat\/wp-content\/uploads\/2023\/11\/sala-infantil.jpg\"  data-title='sala-infantil'  data-caption='' data-mfp-src=\"https:\/\/lligams.cat\/wp-content\/uploads\/2023\/11\/sala-infantil.jpg\">\n                        <div class=\"et_pb_image_wrap\">\n                            <img loading=\"lazy\" decoding=\"async\" src=\"https:\/\/lligams.cat\/wp-content\/uploads\/2023\/11\/sala-infantil.jpg\" title=\"sala-infantil\" alt=\"\" class=\"dsm-skip-lazyload\" srcset=\"https:\/\/lligams.cat\/wp-content\/uploads\/2023\/11\/sala-infantil.jpg 2000w, https:\/\/lligams.cat\/wp-content\/uploads\/2023\/11\/sala-infantil-1280x960.jpg 1280w, https:\/\/lligams.cat\/wp-content\/uploads\/2023\/11\/sala-infantil-980x735.jpg 980w, https:\/\/lligams.cat\/wp-content\/uploads\/2023\/11\/sala-infantil-480x360.jpg 480w\" sizes=\"(min-width: 0px) and (max-width: 480px) 480px, (min-width: 481px) and (max-width: 980px) 980px, (min-width: 981px) and (max-width: 1280px) 1280px, (min-width: 1281px) 2000px, 100vw\" width=\"2000\" height=\"1500\" \/>\n                            \n                        <\/div>\n                    <\/a>\n                <\/div>\n             <\/div>\n\t\t\t\t<\/div>\n\t\t\t<\/div><\/p>\n","protected":false},"author":2,"featured_media":0,"parent":0,"menu_order":0,"comment_status":"closed","ping_status":"closed","template":"","meta":{"_et_pb_use_builder":"on","_et_pb_old_content":"","_et_gb_content_width":"","footnotes":""},"class_list":["post-243231","page","type-page","status-publish","hentry"],"yoast_head":"<!-- This site is optimized with the Yoast SEO plugin v26.8 - https:\/\/yoast.com\/product\/yoast-seo-wordpress\/ -->\n<title>Lligams - Lligams<\/title>\n<meta name=\"robots\" content=\"index, follow, max-snippet:-1, max-image-preview:large, max-video-preview:-1\" \/>\n<link rel=\"canonical\" href=\"https:\/\/lligams.cat\/es\/lligams\/\" \/>\n<meta property=\"og:locale\" content=\"es_ES\" \/>\n<meta property=\"og:type\" content=\"article\" \/>\n<meta property=\"og:title\" content=\"Lligams - Lligams\" \/>\n<meta property=\"og:description\" content=\"LligamsLligams es un peque\u00f1o proyecto que nace de la ilusi\u00f3n de dar apoyo y acompa\u00f1amiento a la mujer, a los ni\u00f1os y j\u00f3venes como tambi\u00e9n\u0301 a las familias.Desde una visi\u00f3n hol\u00edstica y ecosist\u00e9mica, cuidamos a cada una de las personas que nos llega teniendo en cuenta su singularidad individual, el contexto familiar, social, cultural que lo rodea. Esto nos permite tener una visi\u00f3n que va del micro al macrosistema, y nos ayuda a poder dar una atenci\u00f3n personalizada. En relaci\u00f3n a la infancia y juventud, creemos primordial ir de la mano de la familia, donde el entendimiento y la implicaci\u00f3n activa nos ayuda a establecer v\u00ednculos fuertes que nos facilitan llevar a cabo una intervenci\u00f3n beneficiosa. Este equipo tambi\u00e9n est\u00e1 formado por el centro educativo: una comunicaci\u00f3n fluida y coordinada nos permite ir a la una, ayud\u00e1ndonos a acompa\u00f1ar al menor en su d\u00eda a d\u00eda de forma positiva. Tampoco podemos dejar de banda a otros profesionales que est\u00e1n implicados: EAP, CSMIJ, CDIAP, monitores, pediatr\u00eda, otros profesionales sanitarios... cada cual\u0301 de ellos aporta su visi\u00f3n\u0301 y nos complementa.\" \/>\n<meta property=\"og:url\" content=\"https:\/\/lligams.cat\/es\/lligams\/\" \/>\n<meta property=\"og:site_name\" content=\"Lligams\" \/>\n<meta property=\"article:publisher\" content=\"https:\/\/www.facebook.com\/profile.php?id=100088864314205\" \/>\n<meta property=\"article:modified_time\" content=\"2023-11-08T10:16:27+00:00\" \/>\n<meta name=\"twitter:card\" content=\"summary_large_image\" \/>\n<meta name=\"twitter:label1\" content=\"Tiempo de lectura\" \/>\n\t<meta name=\"twitter:data1\" content=\"4 minutos\" \/>\n<script type=\"application\/ld+json\" class=\"yoast-schema-graph\">{\"@context\":\"https:\/\/schema.org\",\"@graph\":[{\"@type\":\"WebPage\",\"@id\":\"https:\/\/lligams.cat\/es\/lligams\/\",\"url\":\"https:\/\/lligams.cat\/es\/lligams\/\",\"name\":\"Lligams - Lligams\",\"isPartOf\":{\"@id\":\"https:\/\/lligams.cat\/#website\"},\"datePublished\":\"2023-10-20T08:44:33+00:00\",\"dateModified\":\"2023-11-08T10:16:27+00:00\",\"breadcrumb\":{\"@id\":\"https:\/\/lligams.cat\/es\/lligams\/#breadcrumb\"},\"inLanguage\":\"es\",\"potentialAction\":[{\"@type\":\"ReadAction\",\"target\":[\"https:\/\/lligams.cat\/es\/lligams\/\"]}]},{\"@type\":\"BreadcrumbList\",\"@id\":\"https:\/\/lligams.cat\/es\/lligams\/#breadcrumb\",\"itemListElement\":[{\"@type\":\"ListItem\",\"position\":1,\"name\":\"Portada\",\"item\":\"https:\/\/lligams.cat\/es\/home\/\"},{\"@type\":\"ListItem\",\"position\":2,\"name\":\"Lligams\"}]},{\"@type\":\"WebSite\",\"@id\":\"https:\/\/lligams.cat\/#website\",\"url\":\"https:\/\/lligams.cat\/\",\"name\":\"Lligams\",\"description\":\"Centre de psicologia i logop\u00e8dia a Sabadell\",\"publisher\":{\"@id\":\"https:\/\/lligams.cat\/#organization\"},\"potentialAction\":[{\"@type\":\"SearchAction\",\"target\":{\"@type\":\"EntryPoint\",\"urlTemplate\":\"https:\/\/lligams.cat\/?s={search_term_string}\"},\"query-input\":{\"@type\":\"PropertyValueSpecification\",\"valueRequired\":true,\"valueName\":\"search_term_string\"}}],\"inLanguage\":\"es\"},{\"@type\":\"Organization\",\"@id\":\"https:\/\/lligams.cat\/#organization\",\"name\":\"Lligams\",\"url\":\"https:\/\/lligams.cat\/\",\"logo\":{\"@type\":\"ImageObject\",\"inLanguage\":\"es\",\"@id\":\"https:\/\/lligams.cat\/#\/schema\/logo\/image\/\",\"url\":\"http:\/\/lligams.cat\/wp-content\/uploads\/2023\/10\/Logotipo_DIGITAL_Lligams.png\",\"contentUrl\":\"http:\/\/lligams.cat\/wp-content\/uploads\/2023\/10\/Logotipo_DIGITAL_Lligams.png\",\"width\":340,\"height\":121,\"caption\":\"Lligams\"},\"image\":{\"@id\":\"https:\/\/lligams.cat\/#\/schema\/logo\/image\/\"},\"sameAs\":[\"https:\/\/www.facebook.com\/profile.php?id=100088864314205\",\"https:\/\/www.instagram.com\/lligams_sabadell\/\"]}]}<\/script>\n<!-- \/ Yoast SEO plugin. -->","yoast_head_json":{"title":"Lligams - Lligams","robots":{"index":"index","follow":"follow","max-snippet":"max-snippet:-1","max-image-preview":"max-image-preview:large","max-video-preview":"max-video-preview:-1"},"canonical":"https:\/\/lligams.cat\/es\/lligams\/","og_locale":"es_ES","og_type":"article","og_title":"Lligams - Lligams","og_description":"LligamsLligams es un peque\u00f1o proyecto que nace de la ilusi\u00f3n de dar apoyo y acompa\u00f1amiento a la mujer, a los ni\u00f1os y j\u00f3venes como tambi\u00e9n\u0301 a las familias.Desde una visi\u00f3n hol\u00edstica y ecosist\u00e9mica, cuidamos a cada una de las personas que nos llega teniendo en cuenta su singularidad individual, el contexto familiar, social, cultural que lo rodea. Esto nos permite tener una visi\u00f3n que va del micro al macrosistema, y nos ayuda a poder dar una atenci\u00f3n personalizada. En relaci\u00f3n a la infancia y juventud, creemos primordial ir de la mano de la familia, donde el entendimiento y la implicaci\u00f3n activa nos ayuda a establecer v\u00ednculos fuertes que nos facilitan llevar a cabo una intervenci\u00f3n beneficiosa. Este equipo tambi\u00e9n est\u00e1 formado por el centro educativo: una comunicaci\u00f3n fluida y coordinada nos permite ir a la una, ayud\u00e1ndonos a acompa\u00f1ar al menor en su d\u00eda a d\u00eda de forma positiva. Tampoco podemos dejar de banda a otros profesionales que est\u00e1n implicados: EAP, CSMIJ, CDIAP, monitores, pediatr\u00eda, otros profesionales sanitarios... cada cual\u0301 de ellos aporta su visi\u00f3n\u0301 y nos complementa.","og_url":"https:\/\/lligams.cat\/es\/lligams\/","og_site_name":"Lligams","article_publisher":"https:\/\/www.facebook.com\/profile.php?id=100088864314205","article_modified_time":"2023-11-08T10:16:27+00:00","twitter_card":"summary_large_image","twitter_misc":{"Tiempo de lectura":"4 minutos"},"schema":{"@context":"https:\/\/schema.org","@graph":[{"@type":"WebPage","@id":"https:\/\/lligams.cat\/es\/lligams\/","url":"https:\/\/lligams.cat\/es\/lligams\/","name":"Lligams - Lligams","isPartOf":{"@id":"https:\/\/lligams.cat\/#website"},"datePublished":"2023-10-20T08:44:33+00:00","dateModified":"2023-11-08T10:16:27+00:00","breadcrumb":{"@id":"https:\/\/lligams.cat\/es\/lligams\/#breadcrumb"},"inLanguage":"es","potentialAction":[{"@type":"ReadAction","target":["https:\/\/lligams.cat\/es\/lligams\/"]}]},{"@type":"BreadcrumbList","@id":"https:\/\/lligams.cat\/es\/lligams\/#breadcrumb","itemListElement":[{"@type":"ListItem","position":1,"name":"Portada","item":"https:\/\/lligams.cat\/es\/home\/"},{"@type":"ListItem","position":2,"name":"Lligams"}]},{"@type":"WebSite","@id":"https:\/\/lligams.cat\/#website","url":"https:\/\/lligams.cat\/","name":"Lligams","description":"Centre de psicologia i logop\u00e8dia a Sabadell","publisher":{"@id":"https:\/\/lligams.cat\/#organization"},"potentialAction":[{"@type":"SearchAction","target":{"@type":"EntryPoint","urlTemplate":"https:\/\/lligams.cat\/?s={search_term_string}"},"query-input":{"@type":"PropertyValueSpecification","valueRequired":true,"valueName":"search_term_string"}}],"inLanguage":"es"},{"@type":"Organization","@id":"https:\/\/lligams.cat\/#organization","name":"Lligams","url":"https:\/\/lligams.cat\/","logo":{"@type":"ImageObject","inLanguage":"es","@id":"https:\/\/lligams.cat\/#\/schema\/logo\/image\/","url":"http:\/\/lligams.cat\/wp-content\/uploads\/2023\/10\/Logotipo_DIGITAL_Lligams.png","contentUrl":"http:\/\/lligams.cat\/wp-content\/uploads\/2023\/10\/Logotipo_DIGITAL_Lligams.png","width":340,"height":121,"caption":"Lligams"},"image":{"@id":"https:\/\/lligams.cat\/#\/schema\/logo\/image\/"},"sameAs":["https:\/\/www.facebook.com\/profile.php?id=100088864314205","https:\/\/www.instagram.com\/lligams_sabadell\/"]}]}},"_links":{"self":[{"href":"https:\/\/lligams.cat\/es\/wp-json\/wp\/v2\/pages\/243231","targetHints":{"allow":["GET"]}}],"collection":[{"href":"https:\/\/lligams.cat\/es\/wp-json\/wp\/v2\/pages"}],"about":[{"href":"https:\/\/lligams.cat\/es\/wp-json\/wp\/v2\/types\/page"}],"author":[{"embeddable":true,"href":"https:\/\/lligams.cat\/es\/wp-json\/wp\/v2\/users\/2"}],"replies":[{"embeddable":true,"href":"https:\/\/lligams.cat\/es\/wp-json\/wp\/v2\/comments?post=243231"}],"version-history":[{"count":12,"href":"https:\/\/lligams.cat\/es\/wp-json\/wp\/v2\/pages\/243231\/revisions"}],"predecessor-version":[{"id":243310,"href":"https:\/\/lligams.cat\/es\/wp-json\/wp\/v2\/pages\/243231\/revisions\/243310"}],"wp:attachment":[{"href":"https:\/\/lligams.cat\/es\/wp-json\/wp\/v2\/media?parent=243231"}],"curies":[{"name":"wp","href":"https:\/\/api.w.org\/{rel}","templated":true}]}}